{"id":3900,"date":"2022-12-12T14:14:26","date_gmt":"2022-12-12T14:14:26","guid":{"rendered":"https:\/\/mthemeus.com\/demos\/wp\/masco\/?page_id=3900"},"modified":"2023-10-27T15:25:12","modified_gmt":"2023-10-27T14:25:12","slug":"s-s-s","status":"publish","type":"page","link":"https:\/\/kolay.ai\/index.php\/s-s-s\/","title":{"rendered":"S.S.S."},"content":{"rendered":"\t\t<div data-elementor-type=\"wp-page\" data-elementor-id=\"3900\" class=\"elementor elementor-3900\">\n\t\t\t\t\t\t\t\t\t<section class=\"elementor-section elementor-top-section elementor-element elementor-element-806b369 elementor-section-boxed elementor-section-height-default elementor-section-height-default mas-addons-sticky-no\" data-id=\"806b369\" data-element_type=\"section\" data-settings=\"{&quot;background_background&quot;:&quot;classic&quot;,&quot;mas_addons_sticky&quot;:&quot;no&quot;}\">\n\t\t\t\t\t\t<div class=\"elementor-container elementor-column-gap-default\">\n\t\t\t\t\t<div class=\"elementor-column elementor-col-100 elementor-top-column elementor-element elementor-element-fda988b\" data-id=\"fda988b\" data-element_type=\"column\">\n\t\t\t<div class=\"elementor-widget-wrap elementor-element-populated\">\n\t\t\t\t\t\t\t\t<div class=\"elementor-element elementor-element-1bae3ac mas-addons-sticky-no elementor-widget elementor-widget-mas-addons-heading\" data-id=\"1bae3ac\" data-element_type=\"widget\" data-settings=\"{&quot;mas_addons_sticky&quot;:&quot;no&quot;}\" data-widget_type=\"mas-addons-heading.default\">\n\t\t\t\t<div class=\"elementor-widget-container\">\n\t\t\t<h2 class=\"mas-addons-heading-title show-line-no\">S.S.S.<\/h2>\t\t<\/div>\n\t\t\t\t<\/div>\n\t\t\t\t<div class=\"elementor-element elementor-element-4701874 mas-addons-sticky-no elementor-widget elementor-widget-mas-addons-breadcrumb\" data-id=\"4701874\" data-element_type=\"widget\" data-settings=\"{&quot;mas_addons_sticky&quot;:&quot;no&quot;}\" data-widget_type=\"mas-addons-breadcrumb.default\">\n\t\t\t\t<div class=\"elementor-widget-container\">\n\t\t\t<ul class=\"mas-addons-breadcrumbs\"><li class=\"mas-addons-breadcrumbs-item mas-addons-breadcrumbs-start\"><a href=\"https:\/\/kolay.ai\/\" rel=\"home\"><span class=\"mas-addons-breadcrumbs-text\">Anasayfa<\/span><\/a><\/li><\/ul>\t\t<\/div>\n\t\t\t\t<\/div>\n\t\t\t\t\t<\/div>\n\t\t<\/div>\n\t\t\t\t\t\t\t<\/div>\n\t\t<\/section>\n\t\t\t\t<section class=\"elementor-section elementor-top-section elementor-element elementor-element-2d2fad4 elementor-section-boxed elementor-section-height-default elementor-section-height-default mas-addons-sticky-no\" data-id=\"2d2fad4\" data-element_type=\"section\" data-settings=\"{&quot;mas_addons_sticky&quot;:&quot;no&quot;}\">\n\t\t\t\t\t\t<div class=\"elementor-container elementor-column-gap-default\">\n\t\t\t\t\t<div class=\"elementor-column elementor-col-50 elementor-top-column elementor-element elementor-element-6691f2b\" data-id=\"6691f2b\" data-element_type=\"column\">\n\t\t\t<div class=\"elementor-widget-wrap elementor-element-populated\">\n\t\t\t\t\t\t\t\t<section class=\"elementor-section elementor-inner-section elementor-element elementor-element-29f68d3 elementor-section-boxed elementor-section-height-default elementor-section-height-default mas-addons-sticky-no\" data-id=\"29f68d3\" data-element_type=\"section\" data-settings=\"{&quot;mas_addons_sticky&quot;:&quot;no&quot;}\">\n\t\t\t\t\t\t<div class=\"elementor-container elementor-column-gap-default\">\n\t\t\t\t\t<div class=\"elementor-column elementor-col-100 elementor-inner-column elementor-element elementor-element-d6e84f6\" data-id=\"d6e84f6\" data-element_type=\"column\">\n\t\t\t<div class=\"elementor-widget-wrap elementor-element-populated\">\n\t\t\t\t\t\t\t\t<div class=\"elementor-element elementor-element-87451ea mas-addons-sticky-no elementor-widget elementor-widget-heading\" data-id=\"87451ea\" data-element_type=\"widget\" data-settings=\"{&quot;mas_addons_sticky&quot;:&quot;no&quot;}\" data-widget_type=\"heading.default\">\n\t\t\t\t<div class=\"elementor-widget-container\">\n\t\t\t<style>\/*! elementor - v3.17.0 - 25-10-2023 *\/\n.elementor-heading-title{padding:0;margin:0;line-height:1}.elementor-widget-heading .elementor-heading-title[class*=elementor-size-]>a{color:inherit;font-size:inherit;line-height:inherit}.elementor-widget-heading .elementor-heading-title.elementor-size-small{font-size:15px}.elementor-widget-heading .elementor-heading-title.elementor-size-medium{font-size:19px}.elementor-widget-heading .elementor-heading-title.elementor-size-large{font-size:29px}.elementor-widget-heading .elementor-heading-title.elementor-size-xl{font-size:39px}.elementor-widget-heading .elementor-heading-title.elementor-size-xxl{font-size:59px}<\/style><h2 class=\"elementor-heading-title elementor-size-default\">S1. Kolay.a \u00fccretsiz mi?<\/h2>\t\t<\/div>\n\t\t\t\t<\/div>\n\t\t\t\t<div class=\"elementor-element elementor-element-d5dd7d0 mas-addons-sticky-no elementor-widget elementor-widget-text-editor\" data-id=\"d5dd7d0\" data-element_type=\"widget\" data-settings=\"{&quot;mas_addons_sticky&quot;:&quot;no&quot;}\" data-widget_type=\"text-editor.default\">\n\t\t\t\t<div class=\"elementor-widget-container\">\n\t\t\t<style>\/*! elementor - v3.17.0 - 25-10-2023 *\/\n.elementor-widget-text-editor.elementor-drop-cap-view-stacked .elementor-drop-cap{background-color:#69727d;color:#fff}.elementor-widget-text-editor.elementor-drop-cap-view-framed .elementor-drop-cap{color:#69727d;border:3px solid;background-color:transparent}.elementor-widget-text-editor:not(.elementor-drop-cap-view-default) .elementor-drop-cap{margin-top:8px}.elementor-widget-text-editor:not(.elementor-drop-cap-view-default) .elementor-drop-cap-letter{width:1em;height:1em}.elementor-widget-text-editor .elementor-drop-cap{float:left;text-align:center;line-height:1;font-size:50px}.elementor-widget-text-editor .elementor-drop-cap-letter{display:inline-block}<\/style>\t\t\t\t<p>Kolay.ai&#8217;da hesap olu\u015fturmak \u00fccretsizdir. \u00dccretsiz hesab\u0131n\u0131zdan bir \u00e7ok servisi kullanabilirsiniz. Daha iyi bir deneyim i\u00e7in premium hesaba ge\u00e7i\u015f yapabilirsiniz.<\/p>\t\t\t\t\t\t<\/div>\n\t\t\t\t<\/div>\n\t\t\t\t<div class=\"elementor-element elementor-element-fcf7fc5 elementor-widget-divider--view-line mas-addons-sticky-no elementor-widget elementor-widget-divider\" data-id=\"fcf7fc5\" data-element_type=\"widget\" data-settings=\"{&quot;mas_addons_sticky&quot;:&quot;no&quot;}\" data-widget_type=\"divider.default\">\n\t\t\t\t<div class=\"elementor-widget-container\">\n\t\t\t<style>\/*! elementor - v3.17.0 - 25-10-2023 *\/\n.elementor-widget-divider{--divider-border-style:none;--divider-border-width:1px;--divider-color:#0c0d0e;--divider-icon-size:20px;--divider-element-spacing:10px;--divider-pattern-height:24px;--divider-pattern-size:20px;--divider-pattern-url:none;--divider-pattern-repeat:repeat-x}.elementor-widget-divider .elementor-divider{display:flex}.elementor-widget-divider .elementor-divider__text{font-size:15px;line-height:1;max-width:95%}.elementor-widget-divider .elementor-divider__element{margin:0 var(--divider-element-spacing);flex-shrink:0}.elementor-widget-divider .elementor-icon{font-size:var(--divider-icon-size)}.elementor-widget-divider .elementor-divider-separator{display:flex;margin:0;direction:ltr}.elementor-widget-divider--view-line_icon .elementor-divider-separator,.elementor-widget-divider--view-line_text .elementor-divider-separator{align-items:center}.elementor-widget-divider--view-line_icon .elementor-divider-separator:after,.elementor-widget-divider--view-line_icon .elementor-divider-separator:before,.elementor-widget-divider--view-line_text .elementor-divider-separator:after,.elementor-widget-divider--view-line_text .elementor-divider-separator:before{display:block;content:\"\";border-bottom:0;flex-grow:1;border-top:var(--divider-border-width) var(--divider-border-style) var(--divider-color)}.elementor-widget-divider--element-align-left .elementor-divider .elementor-divider-separator>.elementor-divider__svg:first-of-type{flex-grow:0;flex-shrink:100}.elementor-widget-divider--element-align-left .elementor-divider-separator:before{content:none}.elementor-widget-divider--element-align-left .elementor-divider__element{margin-left:0}.elementor-widget-divider--element-align-right .elementor-divider .elementor-divider-separator>.elementor-divider__svg:last-of-type{flex-grow:0;flex-shrink:100}.elementor-widget-divider--element-align-right .elementor-divider-separator:after{content:none}.elementor-widget-divider--element-align-right .elementor-divider__element{margin-right:0}.elementor-widget-divider:not(.elementor-widget-divider--view-line_text):not(.elementor-widget-divider--view-line_icon) .elementor-divider-separator{border-top:var(--divider-border-width) var(--divider-border-style) var(--divider-color)}.elementor-widget-divider--separator-type-pattern{--divider-border-style:none}.elementor-widget-divider--separator-type-pattern.elementor-widget-divider--view-line .elementor-divider-separator,.elementor-widget-divider--separator-type-pattern:not(.elementor-widget-divider--view-line) .elementor-divider-separator:after,.elementor-widget-divider--separator-type-pattern:not(.elementor-widget-divider--view-line) .elementor-divider-separator:before,.elementor-widget-divider--separator-type-pattern:not([class*=elementor-widget-divider--view]) .elementor-divider-separator{width:100%;min-height:var(--divider-pattern-height);-webkit-mask-size:var(--divider-pattern-size) 100%;mask-size:var(--divider-pattern-size) 100%;-webkit-mask-repeat:var(--divider-pattern-repeat);mask-repeat:var(--divider-pattern-repeat);background-color:var(--divider-color);-webkit-mask-image:var(--divider-pattern-url);mask-image:var(--divider-pattern-url)}.elementor-widget-divider--no-spacing{--divider-pattern-size:auto}.elementor-widget-divider--bg-round{--divider-pattern-repeat:round}.rtl .elementor-widget-divider .elementor-divider__text{direction:rtl}.e-con-inner>.elementor-widget-divider,.e-con>.elementor-widget-divider{width:var(--container-widget-width,100%);--flex-grow:var(--container-widget-flex-grow)}<\/style>\t\t<div class=\"elementor-divider\">\n\t\t\t<span class=\"elementor-divider-separator\">\n\t\t\t\t\t\t<\/span>\n\t\t<\/div>\n\t\t\t\t<\/div>\n\t\t\t\t<\/div>\n\t\t\t\t\t<\/div>\n\t\t<\/div>\n\t\t\t\t\t\t\t<\/div>\n\t\t<\/section>\n\t\t\t\t<section class=\"elementor-section elementor-inner-section elementor-element elementor-element-357420e elementor-section-boxed elementor-section-height-default elementor-section-height-default mas-addons-sticky-no\" data-id=\"357420e\" data-element_type=\"section\" data-settings=\"{&quot;mas_addons_sticky&quot;:&quot;no&quot;}\">\n\t\t\t\t\t\t<div class=\"elementor-container elementor-column-gap-default\">\n\t\t\t\t\t<div class=\"elementor-column elementor-col-100 elementor-inner-column elementor-element elementor-element-6994f78\" data-id=\"6994f78\" data-element_type=\"column\">\n\t\t\t<div class=\"elementor-widget-wrap elementor-element-populated\">\n\t\t\t\t\t\t\t\t<div class=\"elementor-element elementor-element-240900a mas-addons-sticky-no elementor-widget elementor-widget-heading\" data-id=\"240900a\" data-element_type=\"widget\" data-settings=\"{&quot;mas_addons_sticky&quot;:&quot;no&quot;}\" data-widget_type=\"heading.default\">\n\t\t\t\t<div class=\"elementor-widget-container\">\n\t\t\t<h2 class=\"elementor-heading-title elementor-size-default\">S2. \u00dccretsiz hesap kullan\u0131yorum, hesab\u0131m\u0131 nas\u0131l y\u00fckseltebilirim?<\/h2>\t\t<\/div>\n\t\t\t\t<\/div>\n\t\t\t\t<div class=\"elementor-element elementor-element-82363b9 mas-addons-sticky-no elementor-widget elementor-widget-text-editor\" data-id=\"82363b9\" data-element_type=\"widget\" data-settings=\"{&quot;mas_addons_sticky&quot;:&quot;no&quot;}\" data-widget_type=\"text-editor.default\">\n\t\t\t\t<div class=\"elementor-widget-container\">\n\t\t\t\t\t\t\t<p>Hesap y\u00fckseltme b\u00f6l\u00fcm\u00fcnden hesab\u0131n\u0131z\u0131 \u00e7ok kolay \u015fekilde y\u00fckseltip premium \u00fcyeli\u011finizi ba\u015flatabilirsiniz.<\/p>\t\t\t\t\t\t<\/div>\n\t\t\t\t<\/div>\n\t\t\t\t<div class=\"elementor-element elementor-element-4ca653d elementor-widget-divider--view-line mas-addons-sticky-no elementor-widget elementor-widget-divider\" data-id=\"4ca653d\" data-element_type=\"widget\" data-settings=\"{&quot;mas_addons_sticky&quot;:&quot;no&quot;}\" data-widget_type=\"divider.default\">\n\t\t\t\t<div class=\"elementor-widget-container\">\n\t\t\t\t\t<div class=\"elementor-divider\">\n\t\t\t<span class=\"elementor-divider-separator\">\n\t\t\t\t\t\t<\/span>\n\t\t<\/div>\n\t\t\t\t<\/div>\n\t\t\t\t<\/div>\n\t\t\t\t\t<\/div>\n\t\t<\/div>\n\t\t\t\t\t\t\t<\/div>\n\t\t<\/section>\n\t\t\t\t<section class=\"elementor-section elementor-inner-section elementor-element elementor-element-8443d02 elementor-section-boxed elementor-section-height-default elementor-section-height-default mas-addons-sticky-no\" data-id=\"8443d02\" data-element_type=\"section\" data-settings=\"{&quot;mas_addons_sticky&quot;:&quot;no&quot;}\">\n\t\t\t\t\t\t<div class=\"elementor-container elementor-column-gap-default\">\n\t\t\t\t\t<div class=\"elementor-column elementor-col-100 elementor-inner-column elementor-element elementor-element-ad83024\" data-id=\"ad83024\" data-element_type=\"column\">\n\t\t\t<div class=\"elementor-widget-wrap elementor-element-populated\">\n\t\t\t\t\t\t\t\t<div class=\"elementor-element elementor-element-ceb3c2d mas-addons-sticky-no elementor-widget elementor-widget-heading\" data-id=\"ceb3c2d\" data-element_type=\"widget\" data-settings=\"{&quot;mas_addons_sticky&quot;:&quot;no&quot;}\" data-widget_type=\"heading.default\">\n\t\t\t\t<div class=\"elementor-widget-container\">\n\t\t\t<h2 class=\"elementor-heading-title elementor-size-default\">S3. Kolay.ai'da nas\u0131l hesap olu\u015fturabilirim?<\/h2>\t\t<\/div>\n\t\t\t\t<\/div>\n\t\t\t\t<div class=\"elementor-element elementor-element-0b8100d mas-addons-sticky-no elementor-widget elementor-widget-text-editor\" data-id=\"0b8100d\" data-element_type=\"widget\" data-settings=\"{&quot;mas_addons_sticky&quot;:&quot;no&quot;}\" data-widget_type=\"text-editor.default\">\n\t\t\t\t<div class=\"elementor-widget-container\">\n\t\t\t\t\t\t\t<p>\u00dccretsiz deneyin linkine t\u0131klayarak hemen hesab\u0131n\u0131z\u0131 olu\u015fturup yapay zekay\u0131 kullanmaya ba\u015flayabilirsiniz.\u00a0<\/p>\t\t\t\t\t\t<\/div>\n\t\t\t\t<\/div>\n\t\t\t\t\t<\/div>\n\t\t<\/div>\n\t\t\t\t\t\t\t<\/div>\n\t\t<\/section>\n\t\t\t\t\t<\/div>\n\t\t<\/div>\n\t\t\t\t<div class=\"elementor-column elementor-col-50 elementor-top-column elementor-element elementor-element-fefb786\" data-id=\"fefb786\" data-element_type=\"column\">\n\t\t\t<div class=\"elementor-widget-wrap elementor-element-populated\">\n\t\t\t\t\t\t\t\t<section class=\"elementor-section elementor-inner-section elementor-element elementor-element-75780b1 elementor-section-boxed elementor-section-height-default elementor-section-height-default mas-addons-sticky-no\" data-id=\"75780b1\" data-element_type=\"section\" data-settings=\"{&quot;mas_addons_sticky&quot;:&quot;no&quot;}\">\n\t\t\t\t\t\t<div class=\"elementor-container elementor-column-gap-default\">\n\t\t\t\t\t<div class=\"elementor-column elementor-col-100 elementor-inner-column elementor-element elementor-element-f241817\" data-id=\"f241817\" data-element_type=\"column\">\n\t\t\t<div class=\"elementor-widget-wrap elementor-element-populated\">\n\t\t\t\t\t\t\t\t<div class=\"elementor-element elementor-element-299637b mas-addons-sticky-no elementor-widget elementor-widget-heading\" data-id=\"299637b\" data-element_type=\"widget\" data-settings=\"{&quot;mas_addons_sticky&quot;:&quot;no&quot;}\" data-widget_type=\"heading.default\">\n\t\t\t\t<div class=\"elementor-widget-container\">\n\t\t\t<h2 class=\"elementor-heading-title elementor-size-default\">S4. \u00dccretsiz hesap kullan\u0131yorum. ChatGPT ChatBot kulalnabilir miyim?<\/h2>\t\t<\/div>\n\t\t\t\t<\/div>\n\t\t\t\t<div class=\"elementor-element elementor-element-52b1151 mas-addons-sticky-no elementor-widget elementor-widget-text-editor\" data-id=\"52b1151\" data-element_type=\"widget\" data-settings=\"{&quot;mas_addons_sticky&quot;:&quot;no&quot;}\" data-widget_type=\"text-editor.default\">\n\t\t\t\t<div class=\"elementor-widget-container\">\n\t\t\t\t\t\t\t<p>ChatGPT ChatBot sadece premium \u00fcyelerimize a\u00e7\u0131kt\u0131r. Kullanmak i\u00e7in hesab\u0131n\u0131z\u0131 y\u00fckseltmeniz gerekmektedir.<\/p>\t\t\t\t\t\t<\/div>\n\t\t\t\t<\/div>\n\t\t\t\t<div class=\"elementor-element elementor-element-20589eb elementor-widget-divider--view-line mas-addons-sticky-no elementor-widget elementor-widget-divider\" data-id=\"20589eb\" data-element_type=\"widget\" data-settings=\"{&quot;mas_addons_sticky&quot;:&quot;no&quot;}\" data-widget_type=\"divider.default\">\n\t\t\t\t<div class=\"elementor-widget-container\">\n\t\t\t\t\t<div class=\"elementor-divider\">\n\t\t\t<span class=\"elementor-divider-separator\">\n\t\t\t\t\t\t<\/span>\n\t\t<\/div>\n\t\t\t\t<\/div>\n\t\t\t\t<\/div>\n\t\t\t\t\t<\/div>\n\t\t<\/div>\n\t\t\t\t\t\t\t<\/div>\n\t\t<\/section>\n\t\t\t\t<section class=\"elementor-section elementor-inner-section elementor-element elementor-element-fc1715a elementor-section-boxed elementor-section-height-default elementor-section-height-default mas-addons-sticky-no\" data-id=\"fc1715a\" data-element_type=\"section\" data-settings=\"{&quot;mas_addons_sticky&quot;:&quot;no&quot;}\">\n\t\t\t\t\t\t<div class=\"elementor-container elementor-column-gap-default\">\n\t\t\t\t\t<div class=\"elementor-column elementor-col-100 elementor-inner-column elementor-element elementor-element-3e85244\" data-id=\"3e85244\" data-element_type=\"column\">\n\t\t\t<div class=\"elementor-widget-wrap elementor-element-populated\">\n\t\t\t\t\t\t\t\t<div class=\"elementor-element elementor-element-6efde4d mas-addons-sticky-no elementor-widget elementor-widget-heading\" data-id=\"6efde4d\" data-element_type=\"widget\" data-settings=\"{&quot;mas_addons_sticky&quot;:&quot;no&quot;}\" data-widget_type=\"heading.default\">\n\t\t\t\t<div class=\"elementor-widget-container\">\n\t\t\t<h2 class=\"elementor-heading-title elementor-size-default\">S5.POC deste\u011fi veriyor musunuz?<\/h2>\t\t<\/div>\n\t\t\t\t<\/div>\n\t\t\t\t<div class=\"elementor-element elementor-element-90408f8 mas-addons-sticky-no elementor-widget elementor-widget-text-editor\" data-id=\"90408f8\" data-element_type=\"widget\" data-settings=\"{&quot;mas_addons_sticky&quot;:&quot;no&quot;}\" data-widget_type=\"text-editor.default\">\n\t\t\t\t<div class=\"elementor-widget-container\">\n\t\t\t\t\t\t\t<p>POC (proof of concept)hizmetimiz sadece premium m\u00fc\u015fterilerimiz i\u00e7in ge\u00e7erlidir.<\/p>\t\t\t\t\t\t<\/div>\n\t\t\t\t<\/div>\n\t\t\t\t<div class=\"elementor-element elementor-element-6f75f32 elementor-widget-divider--view-line mas-addons-sticky-no elementor-widget elementor-widget-divider\" data-id=\"6f75f32\" data-element_type=\"widget\" data-settings=\"{&quot;mas_addons_sticky&quot;:&quot;no&quot;}\" data-widget_type=\"divider.default\">\n\t\t\t\t<div class=\"elementor-widget-container\">\n\t\t\t\t\t<div class=\"elementor-divider\">\n\t\t\t<span class=\"elementor-divider-separator\">\n\t\t\t\t\t\t<\/span>\n\t\t<\/div>\n\t\t\t\t<\/div>\n\t\t\t\t<\/div>\n\t\t\t\t\t<\/div>\n\t\t<\/div>\n\t\t\t\t\t\t\t<\/div>\n\t\t<\/section>\n\t\t\t\t<section class=\"elementor-section elementor-inner-section elementor-element elementor-element-a7b80c9 elementor-section-boxed elementor-section-height-default elementor-section-height-default mas-addons-sticky-no\" data-id=\"a7b80c9\" data-element_type=\"section\" data-settings=\"{&quot;mas_addons_sticky&quot;:&quot;no&quot;}\">\n\t\t\t\t\t\t<div class=\"elementor-container elementor-column-gap-default\">\n\t\t\t\t\t<div class=\"elementor-column elementor-col-100 elementor-inner-column elementor-element elementor-element-4a0a226\" data-id=\"4a0a226\" data-element_type=\"column\">\n\t\t\t<div class=\"elementor-widget-wrap elementor-element-populated\">\n\t\t\t\t\t\t\t\t<div class=\"elementor-element elementor-element-c2c2ef3 mas-addons-sticky-no elementor-widget elementor-widget-heading\" data-id=\"c2c2ef3\" data-element_type=\"widget\" data-settings=\"{&quot;mas_addons_sticky&quot;:&quot;no&quot;}\" data-widget_type=\"heading.default\">\n\t\t\t\t<div class=\"elementor-widget-container\">\n\t\t\t<h2 class=\"elementor-heading-title elementor-size-default\">S6. \u015eirketimdeki t\u00fcm y\u00f6neticiler i\u00e7in hesap olu\u015fturabilir miyim?<\/h2>\t\t<\/div>\n\t\t\t\t<\/div>\n\t\t\t\t<div class=\"elementor-element elementor-element-544f59b mas-addons-sticky-no elementor-widget elementor-widget-text-editor\" data-id=\"544f59b\" data-element_type=\"widget\" data-settings=\"{&quot;mas_addons_sticky&quot;:&quot;no&quot;}\" data-widget_type=\"text-editor.default\">\n\t\t\t\t<div class=\"elementor-widget-container\">\n\t\t\t\t\t\t\t<p>Elbette! Premium hesap kullan\u0131yorsan\u0131z s\u0131n\u0131rs\u0131z hesap olu\u015fturabilirsiniz. \u00dccretsiz hesap kullan\u0131c\u0131s\u0131 iseniz sadece 3 adet hesap olu\u015fturabilirsiniz.<\/p>\t\t\t\t\t\t<\/div>\n\t\t\t\t<\/div>\n\t\t\t\t\t<\/div>\n\t\t<\/div>\n\t\t\t\t\t\t\t<\/div>\n\t\t<\/section>\n\t\t\t\t\t<\/div>\n\t\t<\/div>\n\t\t\t\t\t\t\t<\/div>\n\t\t<\/section>\n\t\t\t\t<section class=\"elementor-section elementor-top-section elementor-element elementor-element-ac0836d elementor-section-boxed elementor-section-height-default elementor-section-height-default mas-addons-sticky-no\" data-id=\"ac0836d\" data-element_type=\"section\" data-settings=\"{&quot;mas_addons_sticky&quot;:&quot;no&quot;}\">\n\t\t\t\t\t\t<div class=\"elementor-container elementor-column-gap-default\">\n\t\t\t\t\t<div class=\"elementor-column elementor-col-100 elementor-top-column elementor-element elementor-element-78c68d8\" data-id=\"78c68d8\" data-element_type=\"column\">\n\t\t\t<div class=\"elementor-widget-wrap elementor-element-populated\">\n\t\t\t\t\t\t\t\t<div class=\"elementor-element elementor-element-bdac454 content-align-center mas-addons-sticky-no elementor-widget elementor-widget-mas-addons-btn\" data-id=\"bdac454\" data-element_type=\"widget\" data-settings=\"{&quot;mas_addons_sticky&quot;:&quot;no&quot;}\" data-widget_type=\"mas-addons-btn.default\">\n\t\t\t\t<div class=\"elementor-widget-container\">\n\t\t\t        <div class=\"mas-addons-btn-wrapper enable-icon-box-no\">\n                            <a class=\"mas-addons-btn default-style   d-inline-flex align-items-center elementor-animation-\" href=\"\"  >\n                \n                                        <span class=\"hover-animation\"><\/span>\n                    <span class=\"content\">\n                        Sorular\u0131n\u0131z m\u0131 var?                    <\/span>\n\n                                                        <\/a>\n                <\/div>\n\t\t<\/div>\n\t\t\t\t<\/div>\n\t\t\t\t\t<\/div>\n\t\t<\/div>\n\t\t\t\t\t\t\t<\/div>\n\t\t<\/section>\n\t\t\t\t\t\t\t<\/div>\n\t\t","protected":false},"excerpt":{"rendered":"<p>S.S.S. Anasayfa S1. Kolay.a \u00fccretsiz mi? Kolay.ai&#8217;da hesap olu\u015fturmak \u00fccretsizdir. \u00dccretsiz hesab\u0131n\u0131zdan bir \u00e7ok servisi kullanabilirsiniz. Daha iyi bir deneyim i\u00e7in premium hesaba ge\u00e7i\u015f yapabilirsiniz. S2. \u00dccretsiz hesap kullan\u0131yorum, hesab\u0131m\u0131 nas\u0131l y\u00fckseltebilirim? Hesap y\u00fckseltme b\u00f6l\u00fcm\u00fcnden hesab\u0131n\u0131z\u0131 \u00e7ok kolay \u015fekilde y\u00fckseltip premium \u00fcyeli\u011finizi ba\u015flatabilirsiniz. S3. Kolay.ai&#8217;da nas\u0131l hesap olu\u015fturabilirim? \u00dccretsiz deneyin linkine t\u0131klayarak hemen hesab\u0131n\u0131z\u0131 olu\u015fturup [&hellip;]<\/p>\n","protected":false},"author":1,"featured_media":0,"parent":0,"menu_order":0,"comment_status":"closed","ping_status":"closed","template":"elementor_header_footer","meta":{"inline_featured_image":false,"footnotes":""},"acf":[],"_links":{"self":[{"href":"https:\/\/kolay.ai\/index.php\/wp-json\/wp\/v2\/pages\/3900"}],"collection":[{"href":"https:\/\/kolay.ai\/index.php\/wp-json\/wp\/v2\/pages"}],"about":[{"href":"https:\/\/kolay.ai\/index.php\/wp-json\/wp\/v2\/types\/page"}],"author":[{"embeddable":true,"href":"https:\/\/kolay.ai\/index.php\/wp-json\/wp\/v2\/users\/1"}],"replies":[{"embeddable":true,"href":"https:\/\/kolay.ai\/index.php\/wp-json\/wp\/v2\/comments?post=3900"}],"version-history":[{"count":10,"href":"https:\/\/kolay.ai\/index.php\/wp-json\/wp\/v2\/pages\/3900\/revisions"}],"predecessor-version":[{"id":11872,"href":"https:\/\/kolay.ai\/index.php\/wp-json\/wp\/v2\/pages\/3900\/revisions\/11872"}],"wp:attachment":[{"href":"https:\/\/kolay.ai\/index.php\/wp-json\/wp\/v2\/media?parent=3900"}],"curies":[{"name":"wp","href":"https:\/\/api.w.org\/{rel}","templated":true}]}}