{"id":10447,"date":"2023-02-22T11:51:03","date_gmt":"2023-02-22T11:51:03","guid":{"rendered":"https:\/\/mthemeus.com\/demos\/wp\/masco\/?page_id=10447"},"modified":"2024-04-25T20:46:31","modified_gmt":"2024-04-25T19:46:31","slug":"fiyatlar","status":"publish","type":"page","link":"https:\/\/kolay.ai\/index.php\/fiyatlar\/","title":{"rendered":"Fiyatlar"},"content":{"rendered":"<h2>Fiyatlar<\/h2>\n<ul>\n<li><a href=\"https:\/\/kolay.ai\/\" rel=\"home\">Anasayfa<\/a><\/li>\n<\/ul>\n<style>\/*! elementor - v3.17.0 - 25-10-2023 *\/<br \/>\n.elementor-heading-title{padding:0;margin:0;line-height:1}.elementor-widget-heading .elementor-heading-title[class*=elementor-size-]>a{color:inherit;font-size:inherit;line-height:inherit}.elementor-widget-heading .elementor-heading-title.elementor-size-small{font-size:15px}.elementor-widget-heading .elementor-heading-title.elementor-size-medium{font-size:19px}.elementor-widget-heading .elementor-heading-title.elementor-size-large{font-size:29px}.elementor-widget-heading .elementor-heading-title.elementor-size-xl{font-size:39px}.elementor-widget-heading .elementor-heading-title.elementor-size-xxl{font-size:59px}<\/style>\n<h2>Ekibinizi yapay zeka ile g\u00fc\u00e7lendirmenin tam vakti<\/h2>\n<p>Kolay.ai\u2019\u0131n sundu\u011fu detayl\u0131 analiz, i\u015fletmelere veri tabanl\u0131 ve bilin\u00e7li kararlar almay\u0131, m\u00fc\u015fteri odakl\u0131l\u0131k ve verimlilik art\u0131rma yolunda ilerlemeyi ve rekabet avantaj\u0131 elde etmeyi m\u00fcmk\u00fcn k\u0131lar.<\/p>\n\n<table id=\"tablepress-1\" class=\"tablepress tablepress-id-1\">\n<thead>\n<tr class=\"row-1 odd\">\n\t<th class=\"column-1\">\u00d6zellikler<\/th><th class=\"column-2\">\u00dccretsiz Paket<\/th><th class=\"column-3\">G\u00fcm\u00fc\u015f Paket<\/th><th class=\"column-4\">Alt\u0131n Paket<\/th><th class=\"column-5\">Platin Paket<\/th><th class=\"column-6\">\u00d6zel Paket<\/th>\n<\/tr>\n<\/thead>\n<tbody class=\"row-hover\">\n<tr class=\"row-2 even\">\n\t<td class=\"column-1\">Haftal\u0131k ve Ayl\u0131k Bazda Finansal Analizler<\/td><td class=\"column-2\">+<\/td><td class=\"column-3\">+<\/td><td class=\"column-4\">+<\/td><td class=\"column-5\">+<\/td><td class=\"column-6\">+<\/td>\n<\/tr>\n<tr class=\"row-3 odd\">\n\t<td class=\"column-1\">Gelecek 12 Ay Tahmini<\/td><td class=\"column-2\">+<\/td><td class=\"column-3\">+<\/td><td class=\"column-4\">+<\/td><td class=\"column-5\">+<\/td><td class=\"column-6\">+<\/td>\n<\/tr>\n<tr class=\"row-4 even\">\n\t<td class=\"column-1\">Y\u0131l Sonu Gelir, Gider, Karl\u0131l\u0131k** Finansal Tahminler<\/td><td class=\"column-2\">+<\/td><td class=\"column-3\">+<\/td><td class=\"column-4\">+<\/td><td class=\"column-5\">+<\/td><td class=\"column-6\">+<\/td>\n<\/tr>\n<tr class=\"row-5 odd\">\n\t<td class=\"column-1\">Finansal Sezonsall\u0131k Analizi<\/td><td class=\"column-2\">+<\/td><td class=\"column-3\">+<\/td><td class=\"column-4\">+<\/td><td class=\"column-5\">+<\/td><td class=\"column-6\">+<\/td>\n<\/tr>\n<tr class=\"row-6 even\">\n\t<td class=\"column-1\">Finansal Trend Analizi<\/td><td class=\"column-2\">+<\/td><td class=\"column-3\">+<\/td><td class=\"column-4\">+<\/td><td class=\"column-5\">+<\/td><td class=\"column-6\">+<\/td>\n<\/tr>\n<tr class=\"row-7 odd\">\n\t<td class=\"column-1\">Sat\u0131\u015f Adedi Tahminleri<\/td><td class=\"column-2\">+<\/td><td class=\"column-3\">+<\/td><td class=\"column-4\">+<\/td><td class=\"column-5\">+<\/td><td class=\"column-6\">+<\/td>\n<\/tr>\n<tr class=\"row-8 even\">\n\t<td class=\"column-1\"><strong>M\u00fc\u015fteri\/Sat\u0131\u015f Noktas\u0131 Segmentasyonu<\/strong><\/td><td class=\"column-2\">-<\/td><td class=\"column-3\">+<\/td><td class=\"column-4\">+<\/td><td class=\"column-5\">+<\/td><td class=\"column-6\">+<\/td>\n<\/tr>\n<tr class=\"row-9 odd\">\n\t<td class=\"column-1\"><strong>Kaybedimek \u00dczere olan Riskteki M\u00fc\u015fteri Tespiti<\/strong><\/td><td class=\"column-2\">-<\/td><td class=\"column-3\">+<\/td><td class=\"column-4\">+<\/td><td class=\"column-5\">+<\/td><td class=\"column-6\">+<\/td>\n<\/tr>\n<tr class=\"row-10 even\">\n\t<td class=\"column-1\">Sad\u0131k ve Y\u0131ld\u0131z M\u00fc\u015fteri\/Sat\u0131\u015f Noktas\u0131 Tespiti<\/td><td class=\"column-2\">-<\/td><td class=\"column-3\">+<\/td><td class=\"column-4\">+<\/td><td class=\"column-5\">+<\/td><td class=\"column-6\">+<\/td>\n<\/tr>\n<tr class=\"row-11 odd\">\n\t<td class=\"column-1\">3 Boyutlu M\u00fc\u015fteri\/Sat\u0131\u015f Noktas\u0131 Ke\u015ffi<\/td><td class=\"column-2\">+<\/td><td class=\"column-3\">+<\/td><td class=\"column-4\">+<\/td><td class=\"column-5\">+<\/td><td class=\"column-6\">+<\/td>\n<\/tr>\n<tr class=\"row-12 even\">\n\t<td class=\"column-1\"><strong>Otomatik M\u00fc\u015fteri\/Sat\u0131\u015f Noktas\u0131 Kartlar\u0131 ve M\u00fc\u015fteriye\/Sat\u0131\u015f Nokta\u0131na \u00d6zel Analizler<\/strong><\/td><td class=\"column-2\">-<\/td><td class=\"column-3\">+<\/td><td class=\"column-4\">+<\/td><td class=\"column-5\">+<\/td><td class=\"column-6\">+<\/td>\n<\/tr>\n<tr class=\"row-13 odd\">\n\t<td class=\"column-1\"><strong>M\u00fc\u015fteri\/Sat\u0131\u015f Noktas\u0131 Anomali Tespiti<\/strong><\/td><td class=\"column-2\">-<\/td><td class=\"column-3\">+<\/td><td class=\"column-4\">+<\/td><td class=\"column-5\">+<\/td><td class=\"column-6\">+<\/td>\n<\/tr>\n<tr class=\"row-14 even\">\n\t<td class=\"column-1\"><strong>M\u00fc\u015fteri\/Sat\u0131\u015f Noktas\u0131na \u00f6zel \u00dcr\u00fcn\/Hizmet Tavsiyesi<\/strong><\/td><td class=\"column-2\">-<\/td><td class=\"column-3\">+<\/td><td class=\"column-4\">+<\/td><td class=\"column-5\">+<\/td><td class=\"column-6\">+<\/td>\n<\/tr>\n<tr class=\"row-15 odd\">\n\t<td class=\"column-1\"><strong>\u00dcr\u00fcn\/Hizmet Segmentasyonu<\/strong><\/td><td class=\"column-2\">-<\/td><td class=\"column-3\">+<\/td><td class=\"column-4\">+<\/td><td class=\"column-5\">+<\/td><td class=\"column-6\">+<\/td>\n<\/tr>\n<tr class=\"row-16 even\">\n\t<td class=\"column-1\"><strong>Donmu\u015f \u00dcr\u00fcnlerin Tespit edilmesi<\/strong><\/td><td class=\"column-2\">-<\/td><td class=\"column-3\">+<\/td><td class=\"column-4\">+<\/td><td class=\"column-5\">+<\/td><td class=\"column-6\">+<\/td>\n<\/tr>\n<tr class=\"row-17 odd\">\n\t<td class=\"column-1\"><strong>Sad\u0131k ve Y\u0131ld\u0131z \u00dcr\u00fcn tespiti<\/strong><\/td><td class=\"column-2\">-<\/td><td class=\"column-3\">+<\/td><td class=\"column-4\">+<\/td><td class=\"column-5\">+<\/td><td class=\"column-6\">+<\/td>\n<\/tr>\n<tr class=\"row-18 even\">\n\t<td class=\"column-1\">3 Boyutlu \u00dcr\u00fcn\/Hizmet Analizi<\/td><td class=\"column-2\">+<\/td><td class=\"column-3\">+<\/td><td class=\"column-4\">+<\/td><td class=\"column-5\">+<\/td><td class=\"column-6\">+<\/td>\n<\/tr>\n<tr class=\"row-19 odd\">\n\t<td class=\"column-1\"><strong>Ayr\u0131\u015fan \u00dcr\u00fcnlerin tespiti<\/strong><\/td><td class=\"column-2\">-<\/td><td class=\"column-3\">+<\/td><td class=\"column-4\">+<\/td><td class=\"column-5\">+<\/td><td class=\"column-6\">+<\/td>\n<\/tr>\n<tr class=\"row-20 even\">\n\t<td class=\"column-1\"><strong>\u00dcr\u00fcn\/Hizmete \u00f6zel M\u00fc\u015fteri\/Sat\u0131\u015f Noktas\u0131 Tavsiyesi<\/strong><\/td><td class=\"column-2\">-<\/td><td class=\"column-3\">+<\/td><td class=\"column-4\">+<\/td><td class=\"column-5\">+<\/td><td class=\"column-6\">+<\/td>\n<\/tr>\n<tr class=\"row-21 odd\">\n\t<td class=\"column-1\"><strong>Sat\u0131\u015f Personeli Performans Kar\u015f\u0131la\u015ft\u0131rmas\u0131*<\/strong><\/td><td class=\"column-2\">-<\/td><td class=\"column-3\">+<\/td><td class=\"column-4\">+<\/td><td class=\"column-5\">+<\/td><td class=\"column-6\">+<\/td>\n<\/tr>\n<tr class=\"row-22 even\">\n\t<td class=\"column-1\"><strong>Otomatik olu\u015fturulan Sat\u0131\u015f Personeli Katlar\u0131*<\/strong><\/td><td class=\"column-2\">-<\/td><td class=\"column-3\">+<\/td><td class=\"column-4\">+<\/td><td class=\"column-5\">+<\/td><td class=\"column-6\">+<\/td>\n<\/tr>\n<tr class=\"row-23 odd\">\n\t<td class=\"column-1\"><strong>Sat\u0131\u015f Personeli Performans, Trend, Sezonsall\u0131k Analizleri*<\/strong><\/td><td class=\"column-2\">-<\/td><td class=\"column-3\">+<\/td><td class=\"column-4\">+<\/td><td class=\"column-5\">+<\/td><td class=\"column-6\">+<\/td>\n<\/tr>\n<tr class=\"row-24 even\">\n\t<td class=\"column-1\"><strong>Tedarik\u00e7i Analizleri ve Tedarik\u00e7i Segmentasyonu**<\/strong><\/td><td class=\"column-2\">-<\/td><td class=\"column-3\">+<\/td><td class=\"column-4\">+<\/td><td class=\"column-5\">+<\/td><td class=\"column-6\">+<\/td>\n<\/tr>\n<tr class=\"row-25 odd\">\n\t<td class=\"column-1\"><strong>Tedarik\u00e7i anomali tespiti**<\/strong><\/td><td class=\"column-2\">-<\/td><td class=\"column-3\">+<\/td><td class=\"column-4\">+<\/td><td class=\"column-5\">+<\/td><td class=\"column-6\">+<\/td>\n<\/tr>\n<tr class=\"row-26 even\">\n\t<td class=\"column-1\"><strong>Otomatik olu\u015fturulan Tedarik\u00e7i Kartlar\u0131**<\/strong><\/td><td class=\"column-2\">-<\/td><td class=\"column-3\">+<\/td><td class=\"column-4\">+<\/td><td class=\"column-5\">+<\/td><td class=\"column-6\">+<\/td>\n<\/tr>\n<tr class=\"row-27 odd\">\n\t<td class=\"column-1\"><strong>Karl\u0131l\u0131k Analizi**<\/strong><\/td><td class=\"column-2\">-<\/td><td class=\"column-3\">+<\/td><td class=\"column-4\">+<\/td><td class=\"column-5\">+<\/td><td class=\"column-6\">+<\/td>\n<\/tr>\n<tr class=\"row-28 even\">\n\t<td class=\"column-1\"><strong>\u00dcr\u00fcn Baz\u0131nda Karl\u0131l\u0131k, Trend ve Sezonsall\u0131k Analizleri**<\/strong><\/td><td class=\"column-2\">-<\/td><td class=\"column-3\">+<\/td><td class=\"column-4\">+<\/td><td class=\"column-5\">+<\/td><td class=\"column-6\">+<\/td>\n<\/tr>\n<tr class=\"row-29 odd\">\n\t<td class=\"column-1\">Ki\u015fiseye \u00d6zelDashboard ve Rapor Ekranlar\u0131<\/td><td class=\"column-2\">+<\/td><td class=\"column-3\">+<\/td><td class=\"column-4\">+<\/td><td class=\"column-5\">+<\/td><td class=\"column-6\">+<\/td>\n<\/tr>\n<tr class=\"row-30 even\">\n\t<td class=\"column-1\">Rapor Grafiklerinin CSV ve PNG \u00c7\u0131kt\u0131 al\u0131nabilmesi<\/td><td class=\"column-2\">+<\/td><td class=\"column-3\">+<\/td><td class=\"column-4\">+<\/td><td class=\"column-5\">+<\/td><td class=\"column-6\">+<\/td>\n<\/tr>\n<tr class=\"row-31 odd\">\n\t<td class=\"column-1\">Para\u015f\u00fct Entegrasyon<\/td><td class=\"column-2\">+<\/td><td class=\"column-3\">+<\/td><td class=\"column-4\">+<\/td><td class=\"column-5\">+<\/td><td class=\"column-6\">+<\/td>\n<\/tr>\n<tr class=\"row-32 even\">\n\t<td class=\"column-1\">EDM Entegrasyonu<\/td><td class=\"column-2\">+<\/td><td class=\"column-3\">+<\/td><td class=\"column-4\">+<\/td><td class=\"column-5\">+<\/td><td class=\"column-6\">+<\/td>\n<\/tr>\n<tr class=\"row-33 odd\">\n\t<td class=\"column-1\">Bizim Hesap Entegrasyonu<\/td><td class=\"column-2\">+<\/td><td class=\"column-3\">+<\/td><td class=\"column-4\">+<\/td><td class=\"column-5\">+<\/td><td class=\"column-6\">+<\/td>\n<\/tr>\n<tr class=\"row-34 even\">\n\t<td class=\"column-1\">e-Fatura XML Dosya Entegrasyonu<\/td><td class=\"column-2\">+<\/td><td class=\"column-3\">+<\/td><td class=\"column-4\">+<\/td><td class=\"column-5\">+<\/td><td class=\"column-6\">+<\/td>\n<\/tr>\n<tr class=\"row-35 odd\">\n\t<td class=\"column-1\">Excel ile veri y\u00fckleme mod\u00fcl\u00fc<\/td><td class=\"column-2\">+<\/td><td class=\"column-3\">+<\/td><td class=\"column-4\">+<\/td><td class=\"column-5\">+<\/td><td class=\"column-6\">+<\/td>\n<\/tr>\n<tr class=\"row-36 even\">\n\t<td class=\"column-1\">B\u00fct\u00fcn Analizlerin Excel \u00c7\u0131kt\u0131lar\u0131n\u0131n al\u0131nabilmesi<\/td><td class=\"column-2\">+<\/td><td class=\"column-3\">+<\/td><td class=\"column-4\">+<\/td><td class=\"column-5\">+<\/td><td class=\"column-6\">+<\/td>\n<\/tr>\n<tr class=\"row-37 odd\">\n\t<td class=\"column-1\">Veri Taban\u0131 Entegrasyonu<\/td><td class=\"column-2\">+<\/td><td class=\"column-3\">-<\/td><td class=\"column-4\">-<\/td><td class=\"column-5\">-<\/td><td class=\"column-6\">+<\/td>\n<\/tr>\n<tr class=\"row-38 even\">\n\t<td class=\"column-1\"><strong>Yapay Zeka Motoru G\u00fcncellemeleri<\/strong><\/td><td class=\"column-2\">Ayl\u0131k<\/td><td class=\"column-3\">Haftal\u0131k<\/td><td class=\"column-4\">5 G\u00fcnde Bir<\/td><td class=\"column-5\">Herg\u00fcn<\/td><td class=\"column-6\">S\u0131n\u0131rs\u0131z<\/td>\n<\/tr>\n<tr class=\"row-39 odd\">\n\t<td class=\"column-1\"><strong>Depolama Alan\u0131<\/strong><\/td><td class=\"column-2\">100MB<\/td><td class=\"column-3\">1GB<\/td><td class=\"column-4\">2GB<\/td><td class=\"column-5\">5GB<\/td><td class=\"column-6\">S\u0131n\u0131rs\u0131z<\/td>\n<\/tr>\n<tr class=\"row-40 even\">\n\t<td class=\"column-1\"><strong>Maksimum M\u00fc\u015fteri\/Sat\u0131\u015f Noktas\u0131 Say\u0131s\u0131<\/strong><\/td><td class=\"column-2\">300<\/td><td class=\"column-3\">1000<\/td><td class=\"column-4\">3000<\/td><td class=\"column-5\">5000<\/td><td class=\"column-6\">S\u0131n\u0131rs\u0131z<\/td>\n<\/tr>\n<tr class=\"row-41 odd\">\n\t<td class=\"column-1\"><strong>Maksimum \u00dcr\u00fcn\/Hizmet Say\u0131s\u0131<\/strong><\/td><td class=\"column-2\">300<\/td><td class=\"column-3\">1000<\/td><td class=\"column-4\">3000<\/td><td class=\"column-5\">5000<\/td><td class=\"column-6\">S\u0131n\u0131rs\u0131z<\/td>\n<\/tr>\n<tr class=\"row-42 even\">\n\t<td class=\"column-1\"><strong>Kullan\u0131c\u0131 Say\u0131s\u0131<\/strong><\/td><td class=\"column-2\">1<\/td><td class=\"column-3\">1<\/td><td class=\"column-4\">3<\/td><td class=\"column-5\">5<\/td><td class=\"column-6\">S\u0131n\u0131rs\u0131z<\/td>\n<\/tr>\n<tr class=\"row-43 odd\">\n\t<td class=\"column-1\"><strong>Fiyat (Ayl\u0131k) <\/strong><\/td><td class=\"column-2\">\u00dccretsiz<\/td><td class=\"column-3\">12.750 TL \/ Ayl\u0131k<\/td><td class=\"column-4\">19.500 TL \/ Ayl\u0131k<\/td><td class=\"column-5\">23.250 TL \/ Ayl\u0131k<\/td><td class=\"column-6\"><a href=\"https:\/\/kolay.ai\/index.php\/iletisim\/\">Bize Ula\u015f\u0131n<\/a><\/td>\n<\/tr>\n<tr class=\"row-44 even\">\n\t<td class=\"column-1\"><strong>Fiyat (Y\u0131ll\u0131k)<\/strong><\/td><td class=\"column-2\">\u00dccretsiz<\/td><td class=\"column-3\">127.500 TL \/ 12 Ayl\u0131k<\/td><td class=\"column-4\">195.000 TL \/ 12 Ayl\u0131k<\/td><td class=\"column-5\">232.500 TL \/ 12 Ayl\u0131k<\/td><td class=\"column-6\"><a href=\"https:\/\/kolay.ai\/index.php\/iletisim\/\">Bize Ula\u015f\u0131n<\/a><\/td>\n<\/tr>\n<tr class=\"row-45 odd\">\n\t<td colspan=\"6\" class=\"column-1\">* Sat\u0131\u015f Personeli Verisi Bulunmas\u0131 halinde<\/td>\n<\/tr>\n<tr class=\"row-46 even\">\n\t<td colspan=\"6\" class=\"column-1\">** Tedarik\u00e7i Verisi (Gider Faturalar\u0131) y\u00fcklenmesi\/entegrasyonu halinde \u00e7al\u0131\u015fabilir<\/td>\n<\/tr>\n<\/tbody>\n<\/table>\n<!-- #tablepress-1 from cache -->\n<h2>S\u0131k Sorulan Sorular<\/h2>\n<h3>\u00dccretsiz hesab\u0131n kullan\u0131m s\u00fcresi nedir?<\/h3>\n<p><svg xmlns=\"http:\/\/www.w3.org\/2000\/svg\" width=\"24\" height=\"24\" viewBox=\"0 0 24 24\" fill=\"none\"><circle cx=\"12\" cy=\"12\" r=\"12\" fill=\"#3147FF\"><\/circle><path fill-rule=\"evenodd\" clip-rule=\"evenodd\" d=\"M7 12C7 11.4477 7.44772 11 8 11L16 11C16.5523 11 17 11.4477 17 12C17 12.5523 16.5523 13 16 13L8 13C7.44772 13 7 12.5523 7 12Z\" fill=\"white\"><\/path><\/svg><svg xmlns=\"http:\/\/www.w3.org\/2000\/svg\" width=\"24\" height=\"24\" viewBox=\"0 0 24 24\" fill=\"none\"><circle cx=\"12\" cy=\"12\" r=\"12\" fill=\"#3147FF\"><\/circle><path fill-rule=\"evenodd\" clip-rule=\"evenodd\" d=\"M12 7C12.5523 7 13 7.44772 13 8V11L16 11C16.5523 11 17 11.4477 17 12C17 12.5523 16.5523 13 16 13H13V16C13 16.5523 12.5523 17 12 17C11.4477 17 11 16.5523 11 16V13H8C7.44772 13 7 12.5523 7 12C7 11.4477 7.44772 11 8 11L11 11V8C11 7.44772 11.4477 7 12 7Z\" fill=\"white\"><\/path><\/svg><\/p>\n<p>\u00dccretsiz hesab\u0131n\u0131z\u0131 \u00f6m\u00fcr boyu kullanabilirsiniz.<\/p>\n<h3>Neden premium hesap kullanmal\u0131y\u0131m?<\/h3>\n<p><svg xmlns=\"http:\/\/www.w3.org\/2000\/svg\" width=\"24\" height=\"24\" viewBox=\"0 0 24 24\" fill=\"none\"><circle cx=\"12\" cy=\"12\" r=\"12\" fill=\"#3147FF\"><\/circle><path fill-rule=\"evenodd\" clip-rule=\"evenodd\" d=\"M7 12C7 11.4477 7.44772 11 8 11L16 11C16.5523 11 17 11.4477 17 12C17 12.5523 16.5523 13 16 13L8 13C7.44772 13 7 12.5523 7 12Z\" fill=\"white\"><\/path><\/svg><svg xmlns=\"http:\/\/www.w3.org\/2000\/svg\" width=\"24\" height=\"24\" viewBox=\"0 0 24 24\" fill=\"none\"><circle cx=\"12\" cy=\"12\" r=\"12\" fill=\"#3147FF\"><\/circle><path fill-rule=\"evenodd\" clip-rule=\"evenodd\" d=\"M12 7C12.5523 7 13 7.44772 13 8V11L16 11C16.5523 11 17 11.4477 17 12C17 12.5523 16.5523 13 16 13H13V16C13 16.5523 12.5523 17 12 17C11.4477 17 11 16.5523 11 16V13H8C7.44772 13 7 12.5523 7 12C7 11.4477 7.44772 11 8 11L11 11V8C11 7.44772 11.4477 7 12 7Z\" fill=\"white\"><\/path><\/svg><\/p>\n<p>Kolay.ai&#8217;\u0131n sahip oldu\u011fu yapay zeka motorlar\u0131n\u0131n t\u00fcm \u00f6zelliklerine s\u0131n\u0131rs\u0131z eri\u015fmek i\u00e7in premium paketi tercih edebilirsiniz.<\/p>\n<h3>ChatGPT Bot&#8217;un \u00f6zellikleri nedir?<\/h3>\n<p><svg xmlns=\"http:\/\/www.w3.org\/2000\/svg\" width=\"24\" height=\"24\" viewBox=\"0 0 24 24\" fill=\"none\"><circle cx=\"12\" cy=\"12\" r=\"12\" fill=\"#3147FF\"><\/circle><path fill-rule=\"evenodd\" clip-rule=\"evenodd\" d=\"M7 12C7 11.4477 7.44772 11 8 11L16 11C16.5523 11 17 11.4477 17 12C17 12.5523 16.5523 13 16 13L8 13C7.44772 13 7 12.5523 7 12Z\" fill=\"white\"><\/path><\/svg><svg xmlns=\"http:\/\/www.w3.org\/2000\/svg\" width=\"24\" height=\"24\" viewBox=\"0 0 24 24\" fill=\"none\"><circle cx=\"12\" cy=\"12\" r=\"12\" fill=\"#3147FF\"><\/circle><path fill-rule=\"evenodd\" clip-rule=\"evenodd\" d=\"M12 7C12.5523 7 13 7.44772 13 8V11L16 11C16.5523 11 17 11.4477 17 12C17 12.5523 16.5523 13 16 13H13V16C13 16.5523 12.5523 17 12 17C11.4477 17 11 16.5523 11 16V13H8C7.44772 13 7 12.5523 7 12C7 11.4477 7.44772 11 8 11L11 11V8C11 7.44772 11.4477 7 12 7Z\" fill=\"white\"><\/path><\/svg><\/p>\n<p>ChatGPT bot sadece firman\u0131z\u0131n verilerini kullanarak firman\u0131za \u00f6zel sorulara cevap vermektedir. En \u00e7ok satan \u00fcr\u00fcn\u00fcn\u00fcz, uyumak \u00fczere olan m\u00fc\u015fterileriniz gibi akl\u0131n\u0131za gelen sorular\u0131 sorup an\u0131nda cevap alabilirsiniz.<\/p>\n<h3>Hangi \u00f6deme y\u00f6ntemlerini tercih ediyorsunuz?<\/h3>\n<p><svg xmlns=\"http:\/\/www.w3.org\/2000\/svg\" width=\"24\" height=\"24\" viewBox=\"0 0 24 24\" fill=\"none\"><circle cx=\"12\" cy=\"12\" r=\"12\" fill=\"#3147FF\"><\/circle><path fill-rule=\"evenodd\" clip-rule=\"evenodd\" d=\"M7 12C7 11.4477 7.44772 11 8 11L16 11C16.5523 11 17 11.4477 17 12C17 12.5523 16.5523 13 16 13L8 13C7.44772 13 7 12.5523 7 12Z\" fill=\"white\"><\/path><\/svg><svg xmlns=\"http:\/\/www.w3.org\/2000\/svg\" width=\"24\" height=\"24\" viewBox=\"0 0 24 24\" fill=\"none\"><circle cx=\"12\" cy=\"12\" r=\"12\" fill=\"#3147FF\"><\/circle><path fill-rule=\"evenodd\" clip-rule=\"evenodd\" d=\"M12 7C12.5523 7 13 7.44772 13 8V11L16 11C16.5523 11 17 11.4477 17 12C17 12.5523 16.5523 13 16 13H13V16C13 16.5523 12.5523 17 12 17C11.4477 17 11 16.5523 11 16V13H8C7.44772 13 7 12.5523 7 12C7 11.4477 7.44772 11 8 11L11 11V8C11 7.44772 11.4477 7 12 7Z\" fill=\"white\"><\/path><\/svg><\/p>\n<p>Kredi kart\u0131 ile al\u0131\u015fveri\u015f yapabilirsiniz.<\/p>\n<h3>Hesab\u0131m\u0131 istedi\u011fim zaman iptal edebilir miyim?<\/h3>\n<p><svg xmlns=\"http:\/\/www.w3.org\/2000\/svg\" width=\"24\" height=\"24\" viewBox=\"0 0 24 24\" fill=\"none\"><circle cx=\"12\" cy=\"12\" r=\"12\" fill=\"#3147FF\"><\/circle><path fill-rule=\"evenodd\" clip-rule=\"evenodd\" d=\"M7 12C7 11.4477 7.44772 11 8 11L16 11C16.5523 11 17 11.4477 17 12C17 12.5523 16.5523 13 16 13L8 13C7.44772 13 7 12.5523 7 12Z\" fill=\"white\"><\/path><\/svg><svg xmlns=\"http:\/\/www.w3.org\/2000\/svg\" width=\"24\" height=\"24\" viewBox=\"0 0 24 24\" fill=\"none\"><circle cx=\"12\" cy=\"12\" r=\"12\" fill=\"#3147FF\"><\/circle><path fill-rule=\"evenodd\" clip-rule=\"evenodd\" d=\"M12 7C12.5523 7 13 7.44772 13 8V11L16 11C16.5523 11 17 11.4477 17 12C17 12.5523 16.5523 13 16 13H13V16C13 16.5523 12.5523 17 12 17C11.4477 17 11 16.5523 11 16V13H8C7.44772 13 7 12.5523 7 12C7 11.4477 7.44772 11 8 11L11 11V8C11 7.44772 11.4477 7 12 7Z\" fill=\"white\"><\/path><\/svg><\/p>\n<p>Kullanm\u0131\u015f oldu\u011funuz paketinizi istedi\u011finiz zaman iptal edebilirsiniz.<\/p>\n<h3>\u015eirketim i\u00e7in en uygun plan hangisi?<\/h3>\n<p><svg xmlns=\"http:\/\/www.w3.org\/2000\/svg\" width=\"24\" height=\"24\" viewBox=\"0 0 24 24\" fill=\"none\"><circle cx=\"12\" cy=\"12\" r=\"12\" fill=\"#3147FF\"><\/circle><path fill-rule=\"evenodd\" clip-rule=\"evenodd\" d=\"M7 12C7 11.4477 7.44772 11 8 11L16 11C16.5523 11 17 11.4477 17 12C17 12.5523 16.5523 13 16 13L8 13C7.44772 13 7 12.5523 7 12Z\" fill=\"white\"><\/path><\/svg><svg xmlns=\"http:\/\/www.w3.org\/2000\/svg\" width=\"24\" height=\"24\" viewBox=\"0 0 24 24\" fill=\"none\"><circle cx=\"12\" cy=\"12\" r=\"12\" fill=\"#3147FF\"><\/circle><path fill-rule=\"evenodd\" clip-rule=\"evenodd\" d=\"M12 7C12.5523 7 13 7.44772 13 8V11L16 11C16.5523 11 17 11.4477 17 12C17 12.5523 16.5523 13 16 13H13V16C13 16.5523 12.5523 17 12 17C11.4477 17 11 16.5523 11 16V13H8C7.44772 13 7 12.5523 7 12C7 11.4477 7.44772 11 8 11L11 11V8C11 7.44772 11.4477 7 12 7Z\" fill=\"white\"><\/path><\/svg><\/p>\n<p>Yukar\u0131da yer alan detayl\u0131 paket kar\u015f\u0131la\u015fmas\u0131ndan en uygun plan\u0131 se\u00e7ebilirsiniz.<\/p>\n<h3>Hangi sekt\u00f6rler Kolay.ai kullan\u0131labilir?<\/h3>\n<p><svg xmlns=\"http:\/\/www.w3.org\/2000\/svg\" width=\"24\" height=\"24\" viewBox=\"0 0 24 24\" fill=\"none\"><circle cx=\"12\" cy=\"12\" r=\"12\" fill=\"#3147FF\"><\/circle><path fill-rule=\"evenodd\" clip-rule=\"evenodd\" d=\"M7 12C7 11.4477 7.44772 11 8 11L16 11C16.5523 11 17 11.4477 17 12C17 12.5523 16.5523 13 16 13L8 13C7.44772 13 7 12.5523 7 12Z\" fill=\"white\"><\/path><\/svg><svg xmlns=\"http:\/\/www.w3.org\/2000\/svg\" width=\"24\" height=\"24\" viewBox=\"0 0 24 24\" fill=\"none\"><circle cx=\"12\" cy=\"12\" r=\"12\" fill=\"#3147FF\"><\/circle><path fill-rule=\"evenodd\" clip-rule=\"evenodd\" d=\"M12 7C12.5523 7 13 7.44772 13 8V11L16 11C16.5523 11 17 11.4477 17 12C17 12.5523 16.5523 13 16 13H13V16C13 16.5523 12.5523 17 12 17C11.4477 17 11 16.5523 11 16V13H8C7.44772 13 7 12.5523 7 12C7 11.4477 7.44772 11 8 11L11 11V8C11 7.44772 11.4477 7 12 7Z\" fill=\"white\"><\/path><\/svg><\/p>\n<p>A\u015fa\u011f\u0131da belirtilen sekt\u00f6rler kolay.ai&#8217;\u0131n sundu\u011fu yapay zeka \u00e7\u00f6z\u00fcmlerini kullanabilir;<\/p>\n<ul>\n<li>\u00d6deme Sistemleri<\/li>\n<li>Toptan- Perakende<\/li>\n<li>Telekom\u00fcnikasyon<\/li>\n<li>Reklamc\u0131l\u0131k<\/li>\n<li>Otomotiv<\/li>\n<li>Z\u00fcccaciye<\/li>\n<li>Tekstil<\/li>\n<li>Medikal<\/li>\n<li>Kimya<\/li>\n<li>\u0130la\u00e7<\/li>\n<li>H\u0131zl\u0131 T\u00fcketim<\/li>\n<li>Kozmetik<\/li>\n<\/ul>\n<h3>Veri gizlili\u011fi ve g\u00fcvenlik nas\u0131l sa\u011flan\u0131yor?<\/h3>\n<p><svg xmlns=\"http:\/\/www.w3.org\/2000\/svg\" width=\"24\" height=\"24\" viewBox=\"0 0 24 24\" fill=\"none\"><circle cx=\"12\" cy=\"12\" r=\"12\" fill=\"#3147FF\"><\/circle><path fill-rule=\"evenodd\" clip-rule=\"evenodd\" d=\"M7 12C7 11.4477 7.44772 11 8 11L16 11C16.5523 11 17 11.4477 17 12C17 12.5523 16.5523 13 16 13L8 13C7.44772 13 7 12.5523 7 12Z\" fill=\"white\"><\/path><\/svg><svg xmlns=\"http:\/\/www.w3.org\/2000\/svg\" width=\"24\" height=\"24\" viewBox=\"0 0 24 24\" fill=\"none\"><circle cx=\"12\" cy=\"12\" r=\"12\" fill=\"#3147FF\"><\/circle><path fill-rule=\"evenodd\" clip-rule=\"evenodd\" d=\"M12 7C12.5523 7 13 7.44772 13 8V11L16 11C16.5523 11 17 11.4477 17 12C17 12.5523 16.5523 13 16 13H13V16C13 16.5523 12.5523 17 12 17C11.4477 17 11 16.5523 11 16V13H8C7.44772 13 7 12.5523 7 12C7 11.4477 7.44772 11 8 11L11 11V8C11 7.44772 11.4477 7 12 7Z\" fill=\"white\"><\/path><\/svg><\/p>\n<p>Kolay.ai, veri gizlili\u011fi ve g\u00fcvenli\u011fine b\u00fcy\u00fck \u00f6nem verir. Verileriniz gizli tutulur ve sadece analiz ama\u00e7lar\u0131 i\u00e7in kullan\u0131l\u0131r. Verilerinizi korumak i\u00e7in gerekli g\u00fcvenlik \u00f6nlemleri al\u0131nm\u0131\u015ft\u0131r.<\/p>\n<p><a href=\"http:\/\/dash.kolay.ai\/\" rel=\"nofollow\">Yapay Zekay\u0131 Kullanmaya \u015eimdi Ba\u015flay\u0131n!<\/a><\/p>\n","protected":false},"excerpt":{"rendered":"<p>Fiyatlar Anasayfa Ekibinizi yapay zeka ile g\u00fc\u00e7lendirmenin tam vakti Kolay.ai\u2019\u0131n sundu\u011fu detayl\u0131 analiz, i\u015fletmelere veri tabanl\u0131 ve bilin\u00e7li kararlar almay\u0131, m\u00fc\u015fteri odakl\u0131l\u0131k ve verimlilik art\u0131rma yolunda ilerlemeyi ve rekabet avantaj\u0131 elde etmeyi m\u00fcmk\u00fcn k\u0131lar. S\u0131k Sorulan Sorular \u00dccretsiz hesab\u0131n kullan\u0131m s\u00fcresi nedir? \u00dccretsiz hesab\u0131n\u0131z\u0131 \u00f6m\u00fcr boyu kullanabilirsiniz. Neden premium hesap kullanmal\u0131y\u0131m? Kolay.ai&#8217;\u0131n sahip oldu\u011fu yapay [&hellip;]<\/p>\n","protected":false},"author":1,"featured_media":0,"parent":0,"menu_order":0,"comment_status":"closed","ping_status":"closed","template":"elementor_header_footer","meta":{"inline_featured_image":false,"footnotes":""},"acf":[],"_links":{"self":[{"href":"https:\/\/kolay.ai\/index.php\/wp-json\/wp\/v2\/pages\/10447"}],"collection":[{"href":"https:\/\/kolay.ai\/index.php\/wp-json\/wp\/v2\/pages"}],"about":[{"href":"https:\/\/kolay.ai\/index.php\/wp-json\/wp\/v2\/types\/page"}],"author":[{"embeddable":true,"href":"https:\/\/kolay.ai\/index.php\/wp-json\/wp\/v2\/users\/1"}],"replies":[{"embeddable":true,"href":"https:\/\/kolay.ai\/index.php\/wp-json\/wp\/v2\/comments?post=10447"}],"version-history":[{"count":62,"href":"https:\/\/kolay.ai\/index.php\/wp-json\/wp\/v2\/pages\/10447\/revisions"}],"predecessor-version":[{"id":11974,"href":"https:\/\/kolay.ai\/index.php\/wp-json\/wp\/v2\/pages\/10447\/revisions\/11974"}],"wp:attachment":[{"href":"https:\/\/kolay.ai\/index.php\/wp-json\/wp\/v2\/media?parent=10447"}],"curies":[{"name":"wp","href":"https:\/\/api.w.org\/{rel}","templated":true}]}}